{"id":577,"date":"2024-03-31T11:29:29","date_gmt":"2024-03-31T09:29:29","guid":{"rendered":"https:\/\/wp.cc-ludwigsburg.de\/?page_id=577"},"modified":"2024-07-15T21:31:51","modified_gmt":"2024-07-15T19:31:51","slug":"zugang-zum-internen-bereich","status":"publish","type":"page","link":"https:\/\/cc-ludwigsburg.de\/?page_id=577","title":{"rendered":"Zugang zum internen Bereich"},"content":{"rendered":"<p>Hallo lieber Besucher unserer Webseite,<\/p>\n<p>Sie interessieren sich f\u00fcr unseren internen Bereich der Homepage. Bitte haben Sie Verst\u00e4ndnis, das nur unsere Mitglieder zu diesem Informationen Zugang erhalten.<br \/>\nSollten Sie ein Mitglied unseres Campingclub sein, so m\u00f6chten wir Sie bitten die Datenschutzerkl\u00e4rung zu unterschreiben (diese erhalten Sie bei uns im Platzwartb\u00fcro) und dann unserer Vorstandschaft zu \u00fcbergeben.<\/p>\n<p>Nach der Pr\u00fcfung Ihrer Angaben, werden wir Ihnen Ihren Zugang zum internen Bereich unserer Webseite freischalten.<\/p>\n<p>Wir danken f\u00fcr Ihr Verst\u00e4ndnis im Voraus<br \/>\nCampingclub Ludwigsburg<\/p>\n","protected":false},"excerpt":{"rendered":"<p>Hallo lieber Besucher unserer Webseite, Sie interessieren sich f\u00fcr unseren internen Bereich der Homepage. Bitte haben Sie Verst\u00e4ndnis, das nur unsere Mitglieder zu diesem Informationen Zugang erhalten. Sollten Sie ein Mitglied unseres Campingclub sein, so m\u00f6chten wir Sie bitten die Datenschutzerkl\u00e4rung zu unterschreiben (diese erhalten Sie bei uns im Platzwartb\u00fcro) und dann unserer Vorstandschaft zu [&hellip;]<\/p>\n","protected":false},"author":4,"featured_media":0,"parent":0,"menu_order":0,"comment_status":"closed","ping_status":"closed","template":"","meta":{"_uag_custom_page_level_css":"","site-sidebar-layout":"default","site-content-layout":"","ast-site-content-layout":"default","site-content-style":"default","site-sidebar-style":"default","ast-global-header-display":"","ast-banner-title-visibility":"","ast-main-header-display":"","ast-hfb-above-header-display":"","ast-hfb-below-header-display":"","ast-hfb-mobile-header-display":"","site-post-title":"","ast-breadcrumbs-content":"","ast-featured-img":"","footer-sml-layout":"","ast-disable-related-posts":"","theme-transparent-header-meta":"default","adv-header-id-meta":"","stick-header-meta":"","header-above-stick-meta":"","header-main-stick-meta":"","header-below-stick-meta":"","astra-migrate-meta-layouts":"set","ast-page-background-enabled":"default","ast-page-background-meta":{"desktop":{"background-color":"var(--ast-global-color-4)","background-image":"","background-repeat":"repeat","background-position":"center center","background-size":"auto","background-attachment":"scroll","background-type":"","background-media":"","overlay-type":"","overlay-color":"","overlay-opacity":"","overlay-gradient":""},"tablet":{"background-color":"","background-image":"","background-repeat":"repeat","background-position":"center center","background-size":"auto","background-attachment":"scroll","background-type":"","background-media":"","overlay-type":"","overlay-color":"","overlay-opacity":"","overlay-gradient":""},"mobile":{"background-color":"","background-image":"","background-repeat":"repeat","background-position":"center center","background-size":"auto","background-attachment":"scroll","background-type":"","background-media":"","overlay-type":"","overlay-color":"","overlay-opacity":"","overlay-gradient":""}},"ast-content-background-meta":{"desktop":{"background-color":"var(--ast-global-color-5)","background-image":"","background-repeat":"repeat","background-position":"center center","background-size":"auto","background-attachment":"scroll","background-type":"","background-media":"","overlay-type":"","overlay-color":"","overlay-opacity":"","overlay-gradient":""},"tablet":{"background-color":"var(--ast-global-color-5)","background-image":"","background-repeat":"repeat","background-position":"center center","background-size":"auto","background-attachment":"scroll","background-type":"","background-media":"","overlay-type":"","overlay-color":"","overlay-opacity":"","overlay-gradient":""},"mobile":{"background-color":"var(--ast-global-color-5)","background-image":"","background-repeat":"repeat","background-position":"center center","background-size":"auto","background-attachment":"scroll","background-type":"","background-media":"","overlay-type":"","overlay-color":"","overlay-opacity":"","overlay-gradient":""}},"footnotes":""},"class_list":["post-577","page","type-page","status-publish","hentry"],"uagb_featured_image_src":{"full":false,"thumbnail":false,"medium":false,"medium_large":false,"large":false,"1536x1536":false,"2048x2048":false,"sow-carousel-default":false},"uagb_author_info":{"display_name":"Kai Volkenborn","author_link":"https:\/\/cc-ludwigsburg.de\/?author=4"},"uagb_comment_info":0,"uagb_excerpt":"Hallo lieber Besucher unserer Webseite, Sie interessieren sich f\u00fcr unseren internen Bereich der Homepage. Bitte haben Sie Verst\u00e4ndnis, das nur unsere Mitglieder zu diesem Informationen Zugang erhalten. Sollten Sie ein Mitglied unseres Campingclub sein, so m\u00f6chten wir Sie bitten die Datenschutzerkl\u00e4rung zu unterschreiben (diese erhalten Sie bei uns im Platzwartb\u00fcro) und dann unserer Vorstandschaft zu&hellip;","_links":{"self":[{"href":"https:\/\/cc-ludwigsburg.de\/index.php?rest_route=\/wp\/v2\/pages\/577","targetHints":{"allow":["GET"]}}],"collection":[{"href":"https:\/\/cc-ludwigsburg.de\/index.php?rest_route=\/wp\/v2\/pages"}],"about":[{"href":"https:\/\/cc-ludwigsburg.de\/index.php?rest_route=\/wp\/v2\/types\/page"}],"author":[{"embeddable":true,"href":"https:\/\/cc-ludwigsburg.de\/index.php?rest_route=\/wp\/v2\/users\/4"}],"replies":[{"embeddable":true,"href":"https:\/\/cc-ludwigsburg.de\/index.php?rest_route=%2Fwp%2Fv2%2Fcomments&post=577"}],"version-history":[{"count":3,"href":"https:\/\/cc-ludwigsburg.de\/index.php?rest_route=\/wp\/v2\/pages\/577\/revisions"}],"predecessor-version":[{"id":940,"href":"https:\/\/cc-ludwigsburg.de\/index.php?rest_route=\/wp\/v2\/pages\/577\/revisions\/940"}],"wp:attachment":[{"href":"https:\/\/cc-ludwigsburg.de\/index.php?rest_route=%2Fwp%2Fv2%2Fmedia&parent=577"}],"curies":[{"name":"wp","href":"https:\/\/api.w.org\/{rel}","templated":true}]}}