{"id":25,"date":"2023-05-08T08:32:59","date_gmt":"2023-05-08T06:32:59","guid":{"rendered":"https:\/\/wp.cc-ludwigsburg.de\/?page_id=25"},"modified":"2024-03-30T15:40:01","modified_gmt":"2024-03-30T14:40:01","slug":"links","status":"publish","type":"page","link":"https:\/\/cc-ludwigsburg.de\/?page_id=25","title":{"rendered":"Links"},"content":{"rendered":"\n<p><a href=\"http:\/\/www.camping-club.de\/\" target=\"_blank\" rel=\"noreferrer noopener\">Deutscher Camping Club e.V.<\/a><\/p>\n\n\n\n<p><a href=\"http:\/\/www.dcc-lv-wuerttemberg.de\/\" target=\"_blank\" rel=\"noreferrer noopener\">Landesverband W\u00fcrttemberg e.V.<\/a><\/p>\n\n\n\n<h4 class=\"wp-block-heading\">Befreundete Clubs und Verb\u00e4nde<\/h4>\n\n\n\n<p><a href=\"http:\/\/www.cf-filder.de\/\" target=\"_blank\" rel=\"noreferrer noopener\">CF Filder e.V.<\/a><\/p>\n\n\n\n<p><a href=\"http:\/\/www.campingclub-hdh.de\/\" target=\"_blank\" rel=\"noreferrer noopener\">CC Heidenheim<\/a><\/p>\n\n\n\n<p><a href=\"http:\/\/www.cc-reutlingen-tuebingen.de\/\" target=\"_blank\" rel=\"noreferrer noopener\">CC Reutlingen-T\u00fcbingen e.V.<\/a><\/p>\n\n\n\n<p><a href=\"http:\/\/www.cc-rottweil-schramberg.de\/\" target=\"_blank\" rel=\"noreferrer noopener\">CC Rottweil-Schramberg e.V.<\/a><\/p>\n\n\n\n<p><a href=\"http:\/\/www.cf-schoenbuch.de\/\" target=\"_blank\" rel=\"noreferrer noopener\">CF Sch\u00f6nbuch Die Zugv\u00f6gel e.V.<\/a><\/p>\n\n\n\n<p><a href=\"http:\/\/www.cc-sindelfingen.de\/\" target=\"_blank\" rel=\"noreferrer noopener\">CC Sindelfingen<\/a><\/p>\n\n\n\n<p><a href=\"http:\/\/www.campingclub-stuttgart.de\/\" target=\"_blank\" rel=\"noreferrer noopener\">CC Stuttgart e.V. Die Rottenburger<\/a><\/p>\n\n\n\n<p><a href=\"http:\/\/www.cc-tuttlingen.de\/\" target=\"_blank\" rel=\"noreferrer noopener\">CC Tuttlingen e.V.<\/a><\/p>\n\n\n\n<p><a href=\"http:\/\/www.camping-club-zollernalb.de\/\" target=\"_blank\" rel=\"noreferrer noopener\">CC Zollernalb e.V.<\/a><\/p>\n\n\n\n<p><a href=\"http:\/\/www.campingfreunde-rotamsee.de\/\" target=\"_blank\" rel=\"noreferrer noopener\">CF Rot am See &#8211; Brettenfeld<\/a><\/p>\n\n\n\n<p><a href=\"http:\/\/www.cf-biberach.de\/\" target=\"_blank\" rel=\"noreferrer noopener\">CF Biberach\/Riss e.V.<\/a><\/p>\n\n\n\n<p><a href=\"http:\/\/www.cc-leonberg.de\/\" target=\"_blank\" rel=\"noreferrer noopener\">CC Leonberg<\/a><\/p>\n\n\n\n<p><a href=\"http:\/\/cc-nuertingen.de\/\" target=\"_blank\" rel=\"noreferrer noopener\">CC N\u00fcrtingen &#8222;Die Neckarianer&#8220; e.V.<\/a><\/p>\n\n\n\n<p><a href=\"http:\/\/www.cf-ulmer-spatzen.de\/\" target=\"_blank\" rel=\"noreferrer noopener\">CF Ulmer Spatzen e.V.<\/a><\/p>\n\n\n\n<p><a href=\"http:\/\/www.ccwelzheimerwald.de\/\" target=\"_blank\" rel=\"noreferrer noopener\">CC Welzheimerwald<\/a><\/p>\n\n\n\n<p><a href=\"http:\/\/www.campingclub-pirmasens.net\/\" target=\"_blank\" rel=\"noreferrer noopener\">Campingclub Pirmasens<\/a><\/p>\n\n\n\n<p><a href=\"https:\/\/www.campingclub-badkreuznach.de\/\" target=\"_blank\" rel=\"noreferrer noopener\">Campingclub Bad Kreuznach<\/a><\/p>\n\n\n\n<p><a href=\"https:\/\/www.lv-baden-dcc.eu\/\" target=\"_blank\" rel=\"noreferrer noopener\">LV Baden<\/a><\/p>\n\n\n\n<p><a href=\"https:\/\/www.camping-lv-suedbayern.de\/\" target=\"_blank\" rel=\"noreferrer noopener\">LV S\u00fcdbayern<\/a><\/p>\n\n\n\n<p><a href=\"http:\/\/www.camping-lv-niedersachsen-dcc.de\/\" target=\"_blank\" rel=\"noreferrer noopener\">LV Niedersachsen<\/a><\/p>\n","protected":false},"excerpt":{"rendered":"<p>Deutscher Camping Club e.V. Landesverband W\u00fcrttemberg e.V. Befreundete Clubs und Verb\u00e4nde CF Filder e.V. CC Heidenheim CC Reutlingen-T\u00fcbingen e.V. CC Rottweil-Schramberg e.V. CF Sch\u00f6nbuch Die Zugv\u00f6gel e.V. CC Sindelfingen CC Stuttgart e.V. Die Rottenburger CC Tuttlingen e.V. CC Zollernalb e.V. CF Rot am See &#8211; Brettenfeld CF Biberach\/Riss e.V. CC Leonberg CC N\u00fcrtingen &#8222;Die Neckarianer&#8220; [&hellip;]<\/p>\n","protected":false},"author":1,"featured_media":0,"parent":0,"menu_order":0,"comment_status":"closed","ping_status":"closed","template":"","meta":{"_uag_custom_page_level_css":"","site-sidebar-layout":"default","site-content-layout":"","ast-site-content-layout":"default","site-content-style":"default","site-sidebar-style":"default","ast-global-header-display":"","ast-banner-title-visibility":"","ast-main-header-display":"","ast-hfb-above-header-display":"","ast-hfb-below-header-display":"","ast-hfb-mobile-header-display":"","site-post-title":"","ast-breadcrumbs-content":"","ast-featured-img":"","footer-sml-layout":"","ast-disable-related-posts":"","theme-transparent-header-meta":"","adv-header-id-meta":"","stick-header-meta":"","header-above-stick-meta":"","header-main-stick-meta":"","header-below-stick-meta":"","astra-migrate-meta-layouts":"set","ast-page-background-enabled":"default","ast-page-background-meta":{"desktop":{"background-color":"var(--ast-global-color-4)","background-image":"","background-repeat":"repeat","background-position":"center center","background-size":"auto","background-attachment":"scroll","background-type":"","background-media":"","overlay-type":"","overlay-color":"","overlay-opacity":"","overlay-gradient":""},"tablet":{"background-color":"","background-image":"","background-repeat":"repeat","background-position":"center center","background-size":"auto","background-attachment":"scroll","background-type":"","background-media":"","overlay-type":"","overlay-color":"","overlay-opacity":"","overlay-gradient":""},"mobile":{"background-color":"","background-image":"","background-repeat":"repeat","background-position":"center center","background-size":"auto","background-attachment":"scroll","background-type":"","background-media":"","overlay-type":"","overlay-color":"","overlay-opacity":"","overlay-gradient":""}},"ast-content-background-meta":{"desktop":{"background-color":"var(--ast-global-color-5)","background-image":"","background-repeat":"repeat","background-position":"center center","background-size":"auto","background-attachment":"scroll","background-type":"","background-media":"","overlay-type":"","overlay-color":"","overlay-opacity":"","overlay-gradient":""},"tablet":{"background-color":"var(--ast-global-color-5)","background-image":"","background-repeat":"repeat","background-position":"center center","background-size":"auto","background-attachment":"scroll","background-type":"","background-media":"","overlay-type":"","overlay-color":"","overlay-opacity":"","overlay-gradient":""},"mobile":{"background-color":"var(--ast-global-color-5)","background-image":"","background-repeat":"repeat","background-position":"center center","background-size":"auto","background-attachment":"scroll","background-type":"","background-media":"","overlay-type":"","overlay-color":"","overlay-opacity":"","overlay-gradient":""}},"footnotes":""},"class_list":["post-25","page","type-page","status-publish","hentry"],"uagb_featured_image_src":{"full":false,"thumbnail":false,"medium":false,"medium_large":false,"large":false,"1536x1536":false,"2048x2048":false,"sow-carousel-default":false},"uagb_author_info":{"display_name":"phkraem","author_link":"https:\/\/cc-ludwigsburg.de\/?author=1"},"uagb_comment_info":0,"uagb_excerpt":"Deutscher Camping Club e.V. Landesverband W\u00fcrttemberg e.V. Befreundete Clubs und Verb\u00e4nde CF Filder e.V. CC Heidenheim CC Reutlingen-T\u00fcbingen e.V. CC Rottweil-Schramberg e.V. CF Sch\u00f6nbuch Die Zugv\u00f6gel e.V. CC Sindelfingen CC Stuttgart e.V. Die Rottenburger CC Tuttlingen e.V. CC Zollernalb e.V. CF Rot am See &#8211; Brettenfeld CF Biberach\/Riss e.V. CC Leonberg CC N\u00fcrtingen &#8222;Die Neckarianer&#8220;&hellip;","_links":{"self":[{"href":"https:\/\/cc-ludwigsburg.de\/index.php?rest_route=\/wp\/v2\/pages\/25","targetHints":{"allow":["GET"]}}],"collection":[{"href":"https:\/\/cc-ludwigsburg.de\/index.php?rest_route=\/wp\/v2\/pages"}],"about":[{"href":"https:\/\/cc-ludwigsburg.de\/index.php?rest_route=\/wp\/v2\/types\/page"}],"author":[{"embeddable":true,"href":"https:\/\/cc-ludwigsburg.de\/index.php?rest_route=\/wp\/v2\/users\/1"}],"replies":[{"embeddable":true,"href":"https:\/\/cc-ludwigsburg.de\/index.php?rest_route=%2Fwp%2Fv2%2Fcomments&post=25"}],"version-history":[{"count":6,"href":"https:\/\/cc-ludwigsburg.de\/index.php?rest_route=\/wp\/v2\/pages\/25\/revisions"}],"predecessor-version":[{"id":545,"href":"https:\/\/cc-ludwigsburg.de\/index.php?rest_route=\/wp\/v2\/pages\/25\/revisions\/545"}],"wp:attachment":[{"href":"https:\/\/cc-ludwigsburg.de\/index.php?rest_route=%2Fwp%2Fv2%2Fmedia&parent=25"}],"curies":[{"name":"wp","href":"https:\/\/api.w.org\/{rel}","templated":true}]}}