{"id":18,"date":"2023-05-08T08:18:05","date_gmt":"2023-05-08T06:18:05","guid":{"rendered":"https:\/\/wp.cc-ludwigsburg.de\/?page_id=18"},"modified":"2026-03-02T20:39:58","modified_gmt":"2026-03-02T19:39:58","slug":"unsere-preise","status":"publish","type":"page","link":"https:\/\/cc-ludwigsburg.de\/?page_id=18","title":{"rendered":"Unsere Preise"},"content":{"rendered":"\n<p><strong>Preise g\u00fcltig ab 01.03.2026<\/strong><\/p>\n\n\n\n<p><strong>Preise pro Tag<\/strong><\/p>\n\n\n\n<figure class=\"wp-block-table\"><table><tbody><tr><td>Stellplatz 1 Wohnwagen oder Wohnmobil incl. 2 Personen (zzgl. Nebenkostenpauschale)<\/td><td>23,00 \u20ac<\/td><\/tr><tr><td>Stellplatz Zelt incl. 2 Personen und Fahrzeug (zzgl. Nebenkostenpauschale)<\/td><td>13,00 \u20ac<\/td><\/tr><tr><td>Nebenkostenpauschale (Strom, M\u00fcll, Wasser, etc.) pro Tag<\/td><td>6,00 \u20ac<\/td><\/tr><tr><td>Jede weitere Erwachsene Person pro Tag<\/td><td>6,00 \u20ac<\/td><\/tr><tr><td>Kinder 6-14 Jahre pro Tag<\/td><td>2,50 \u20ac<\/td><\/tr><tr><td>Jugendliche 15-17 Jahre pro Tag<\/td><td>3,50 \u20ac<\/td><\/tr><tr><td>Hund pro Tag<\/td><td>2,00 \u20ac<\/td><\/tr><\/tbody><\/table><\/figure>\n\n\n\n<p>W-LAN auf dem Platz verf\u00fcgbar:<\/p>\n\n\n\n<p>Das Wochenticket zu 5 Euro ist beim Platzwart erh\u00e4ltlich.<br>G\u00fcltig jeweils nur f\u00fcr ein Endger\u00e4t und max. 500 MB\/Tag.<\/p>\n\n\n\n<p><strong>Sonderpreise f\u00fcr DCC\/ACSI-Mitglieder<\/strong><\/p>\n\n\n\n<p>g\u00fcltig f\u00fcr Familien (oder Gro\u00dfeltern mit Enkeln) incl. allen mitreisenden Kindern unter 18 Jahren. Stellplatz incl. 2 Erwachsenen, Wohnwagen, Wohnmobil zzlg. Nebenkostenpauschale. <\/p>\n\n\n\n<p><strong>Voraussetzung: <\/strong>DCC\/ACSI Clubkarte ist g\u00fcltig und mit der richtigen Jahresangabe, diese muss bei der Anmeldung vorgelegt werden.<br>Nebensaison: 15.Sept bis 15. Juni 19,00 \u20ac pro Tag und Familie<br>Hauptsaison: 16. Juni bis 14. Sept. 21,00 \u20ac pro Tag und Familie<\/p>\n\n\n\n<p>Der Gruppenpreis (ab 5 Einheiten) f\u00fcr DCC Mitglieder betr\u00e4gt ganzj\u00e4hrig 17.00 \u20ac zzgl. Strompauschale pro Einheit.<\/p>\n\n\n\n<p>\u00dcbernachtung auf Dauerstellplatz pro Person\/Tag, wenn Platzbesitzer anwesend, zahlbar ab 10 Jahre 2,00 \u20ac pro Tag<br>\u00dcbernachtung auf Dauerstellplatz pro Person\/Tag, wenn Platzbesitzer nicht anwesend, zahlbar ab 10 Jahre 4,00 \u20ac pro Tag<\/p>\n\n\n\n<p>Platz leer ohne Strom pro Tag 2,00 \u20ac<br>Platz leer mit Strom pro Tag 4,00\u20ac<\/p>\n\n\n\n<p>WLAN Woche mit max. 500 MB\/Tag 5,00\u20ac<\/p>\n\n\n\n<p>Die Monatspauschale f\u00fcr Monteure ab 2 Monate Stelldauer incl. Strompauschale 290 \u20ac<\/p>\n\n\n\n<p>Ladeanschluss mit Zwischenz\u00e4hler f\u00fcr E-Fahrzeuge pro kWh 0,60 \u20ac<\/p>\n\n\n\n<p><strong>Preise f\u00fcr Dauercamper g\u00fcltig ab 01.03.2026<\/strong><\/p>\n\n\n\n<figure class=\"wp-block-table\"><table><tbody><tr><td>J\u00e4hrliche Pacht incl. Mitgliedsbeitrag<\/td><td>780,00 \u20ac<\/td><\/tr><tr><td>Einmalige Aufnahmegeb\u00fchr<\/td><td>180,00 \u20ac<\/td><\/tr><tr><td>J\u00e4hrliche Z\u00e4hlergrundgeb\u00fchr<\/td><td>15,00 \u20ac<\/td><\/tr><tr><td>Energie- u. M\u00fcllpauschale<\/td><td>85,00 \u20ac<\/td><\/tr><tr><td>J\u00e4hrliche Mindestzahlung f\u00fcr Strom<\/td><td>30,00 \u20ac<\/td><\/tr><tr><td>Strompreis je KW\/h<\/td><td>0,60 \u20ac<\/td><\/tr><\/tbody><\/table><\/figure>\n\n\n\n<p>Dokumente zum Download:<br><a href=\"http:\/\/wp.cc-ludwigsburg.de\/wp-content\/uploads\/2023\/08\/platzordnung.pdf\" data-type=\"attachment\" data-id=\"187\" target=\"_blank\" rel=\"noreferrer noopener\">&gt;&gt;&gt; Platzordnung &lt;&lt;&lt;<\/a><\/p>\n\n\n\n<p><\/p>\n","protected":false},"excerpt":{"rendered":"<p>Preise g\u00fcltig ab 01.03.2026 Preise pro Tag Stellplatz 1 Wohnwagen oder Wohnmobil incl. 2 Personen (zzgl. Nebenkostenpauschale) 23,00 \u20ac Stellplatz Zelt incl. 2 Personen und Fahrzeug (zzgl. Nebenkostenpauschale) 13,00 \u20ac Nebenkostenpauschale (Strom, M\u00fcll, Wasser, etc.) pro Tag 6,00 \u20ac Jede weitere Erwachsene Person pro Tag 6,00 \u20ac Kinder 6-14 Jahre pro Tag 2,50 \u20ac Jugendliche [&hellip;]<\/p>\n","protected":false},"author":1,"featured_media":0,"parent":0,"menu_order":0,"comment_status":"closed","ping_status":"closed","template":"","meta":{"_uag_custom_page_level_css":"","site-sidebar-layout":"default","site-content-layout":"","ast-site-content-layout":"default","site-content-style":"default","site-sidebar-style":"default","ast-global-header-display":"","ast-banner-title-visibility":"","ast-main-header-display":"","ast-hfb-above-header-display":"","ast-hfb-below-header-display":"","ast-hfb-mobile-header-display":"","site-post-title":"","ast-breadcrumbs-content":"","ast-featured-img":"","footer-sml-layout":"","ast-disable-related-posts":"","theme-transparent-header-meta":"","adv-header-id-meta":"","stick-header-meta":"","header-above-stick-meta":"","header-main-stick-meta":"","header-below-stick-meta":"","astra-migrate-meta-layouts":"set","ast-page-background-enabled":"default","ast-page-background-meta":{"desktop":{"background-color":"var(--ast-global-color-4)","background-image":"","background-repeat":"repeat","background-position":"center center","background-size":"auto","background-attachment":"scroll","background-type":"","background-media":"","overlay-type":"","overlay-color":"","overlay-opacity":"","overlay-gradient":""},"tablet":{"background-color":"","background-image":"","background-repeat":"repeat","background-position":"center center","background-size":"auto","background-attachment":"scroll","background-type":"","background-media":"","overlay-type":"","overlay-color":"","overlay-opacity":"","overlay-gradient":""},"mobile":{"background-color":"","background-image":"","background-repeat":"repeat","background-position":"center center","background-size":"auto","background-attachment":"scroll","background-type":"","background-media":"","overlay-type":"","overlay-color":"","overlay-opacity":"","overlay-gradient":""}},"ast-content-background-meta":{"desktop":{"background-color":"var(--ast-global-color-5)","background-image":"","background-repeat":"repeat","background-position":"center center","background-size":"auto","background-attachment":"scroll","background-type":"","background-media":"","overlay-type":"","overlay-color":"","overlay-opacity":"","overlay-gradient":""},"tablet":{"background-color":"var(--ast-global-color-5)","background-image":"","background-repeat":"repeat","background-position":"center center","background-size":"auto","background-attachment":"scroll","background-type":"","background-media":"","overlay-type":"","overlay-color":"","overlay-opacity":"","overlay-gradient":""},"mobile":{"background-color":"var(--ast-global-color-5)","background-image":"","background-repeat":"repeat","background-position":"center center","background-size":"auto","background-attachment":"scroll","background-type":"","background-media":"","overlay-type":"","overlay-color":"","overlay-opacity":"","overlay-gradient":""}},"footnotes":""},"class_list":["post-18","page","type-page","status-publish","hentry"],"uagb_featured_image_src":{"full":false,"thumbnail":false,"medium":false,"medium_large":false,"large":false,"1536x1536":false,"2048x2048":false,"sow-carousel-default":false},"uagb_author_info":{"display_name":"phkraem","author_link":"https:\/\/cc-ludwigsburg.de\/?author=1"},"uagb_comment_info":0,"uagb_excerpt":"Preise g\u00fcltig ab 01.03.2026 Preise pro Tag Stellplatz 1 Wohnwagen oder Wohnmobil incl. 2 Personen (zzgl. Nebenkostenpauschale) 23,00 \u20ac Stellplatz Zelt incl. 2 Personen und Fahrzeug (zzgl. Nebenkostenpauschale) 13,00 \u20ac Nebenkostenpauschale (Strom, M\u00fcll, Wasser, etc.) pro Tag 6,00 \u20ac Jede weitere Erwachsene Person pro Tag 6,00 \u20ac Kinder 6-14 Jahre pro Tag 2,50 \u20ac Jugendliche&hellip;","_links":{"self":[{"href":"https:\/\/cc-ludwigsburg.de\/index.php?rest_route=\/wp\/v2\/pages\/18","targetHints":{"allow":["GET"]}}],"collection":[{"href":"https:\/\/cc-ludwigsburg.de\/index.php?rest_route=\/wp\/v2\/pages"}],"about":[{"href":"https:\/\/cc-ludwigsburg.de\/index.php?rest_route=\/wp\/v2\/types\/page"}],"author":[{"embeddable":true,"href":"https:\/\/cc-ludwigsburg.de\/index.php?rest_route=\/wp\/v2\/users\/1"}],"replies":[{"embeddable":true,"href":"https:\/\/cc-ludwigsburg.de\/index.php?rest_route=%2Fwp%2Fv2%2Fcomments&post=18"}],"version-history":[{"count":10,"href":"https:\/\/cc-ludwigsburg.de\/index.php?rest_route=\/wp\/v2\/pages\/18\/revisions"}],"predecessor-version":[{"id":1634,"href":"https:\/\/cc-ludwigsburg.de\/index.php?rest_route=\/wp\/v2\/pages\/18\/revisions\/1634"}],"wp:attachment":[{"href":"https:\/\/cc-ludwigsburg.de\/index.php?rest_route=%2Fwp%2Fv2%2Fmedia&parent=18"}],"curies":[{"name":"wp","href":"https:\/\/api.w.org\/{rel}","templated":true}]}}