{"id":15,"date":"2023-05-08T08:09:55","date_gmt":"2023-05-08T06:09:55","guid":{"rendered":"https:\/\/wp.cc-ludwigsburg.de\/?page_id=15"},"modified":"2023-07-20T17:04:46","modified_gmt":"2023-07-20T15:04:46","slug":"15-2","status":"publish","type":"page","link":"https:\/\/cc-ludwigsburg.de\/?page_id=15","title":{"rendered":"Zahlen &#038; Fakten"},"content":{"rendered":"\n<h1 class=\"wp-block-heading\">Buchhorn am See<\/h1>\n\n\n\n<p>Unser Platz liegt ebenso wie das D\u00f6rfchen Buchhorn am See am Nordrand des schw\u00e4bischen Waldes auf ca. 500m H\u00f6he, zwischen dem Brettachtal und dem Tal der Ohrn.<\/p>\n\n\n\n<p>Man hat von hier aus eine herrliche Aussicht auf den Mainhardter Wald, die L\u00f6wensteiner Berge und die Hohenloher Ebene. Die angrenzenden gro\u00dfen W\u00e4lder, die Wiesen und Weinberge laden zu sch\u00f6nen Spazierg\u00e4ngen und Wanderungen ein. Weitab von Industrie und Verkehr. Buchhorn ist auch Ausgangspunkt f\u00fcr sch\u00f6ne Spazierfahrten. Weinliebhaber kommen hier bestimmt auf Ihre Kosten, denn an den nahegelegenen Bergh\u00e4ngen w\u00e4chst ein guter Tropfen. Seit 1973 betreibt der Camping-Club Ludwigsburg e.V. seinen Campingplatz in Buchhorn, Gemeinde Pfedelbach im Hohenlohekreis. Der Platz wurde von seinen Mitgliedern in Eigenarbeit von Grundauf angelegt. Das ca.3 ha gro\u00dfe Gel\u00e4nde grenzt direkt an den kleinen Buchhorner See.<\/p>\n\n\n\n<p>Unser Campingplatz bietet: Ruhe, Erholung, Stellpl\u00e4tze mit 100 m\u00b2, Stromanschluss, gute sanit\u00e4re Anlagen (Behindertentoilette, Duschen), Waschmaschine, W\u00e4schetrockner, bewirtschaftete Aufenthaltsr\u00e4ume, Kinderspielplatz mit Spielhalle, Boule-Platz, Platzbeleuchtung, Gasverkauf.<\/p>\n\n\n\n<p>Der Campingplatz ist von M\u00e4rz bis November ge\u00f6ffnet.<\/p>\n\n\n\n<p>Adresse:<\/p>\n\n\n\n<p>Camping-Club Ludwigsburg Am Wasserturm 22<br>74629 Pfedelbach-Buchhorn am See<br>Tel.:<a href=\"tel:0794139227\">&nbsp;07941 \/ 39227<\/a><\/p>\n\n\n\n<p>E-Mail:&nbsp;<a href=\"mailto:info@campingclub-ludwigsburg.de\" target=\"_blank\" rel=\"noreferrer noopener\">info@campingclub-ludwigsburg.de<\/a><\/p>\n","protected":false},"excerpt":{"rendered":"<p>Buchhorn am See Unser Platz liegt ebenso wie das D\u00f6rfchen Buchhorn am See am Nordrand des schw\u00e4bischen Waldes auf ca. 500m H\u00f6he, zwischen dem Brettachtal und dem Tal der Ohrn. Man hat von hier aus eine herrliche Aussicht auf den Mainhardter Wald, die L\u00f6wensteiner Berge und die Hohenloher Ebene. Die angrenzenden gro\u00dfen W\u00e4lder, die Wiesen [&hellip;]<\/p>\n","protected":false},"author":1,"featured_media":0,"parent":0,"menu_order":0,"comment_status":"closed","ping_status":"closed","template":"","meta":{"_uag_custom_page_level_css":"","site-sidebar-layout":"default","site-content-layout":"","ast-site-content-layout":"default","site-content-style":"default","site-sidebar-style":"default","ast-global-header-display":"","ast-banner-title-visibility":"","ast-main-header-display":"","ast-hfb-above-header-display":"","ast-hfb-below-header-display":"","ast-hfb-mobile-header-display":"","site-post-title":"","ast-breadcrumbs-content":"","ast-featured-img":"","footer-sml-layout":"","ast-disable-related-posts":"","theme-transparent-header-meta":"","adv-header-id-meta":"","stick-header-meta":"","header-above-stick-meta":"","header-main-stick-meta":"","header-below-stick-meta":"","astra-migrate-meta-layouts":"default","ast-page-background-enabled":"default","ast-page-background-meta":{"desktop":{"background-color":"var(--ast-global-color-4)","background-image":"","background-repeat":"repeat","background-position":"center center","background-size":"auto","background-attachment":"scroll","background-type":"","background-media":"","overlay-type":"","overlay-color":"","overlay-opacity":"","overlay-gradient":""},"tablet":{"background-color":"","background-image":"","background-repeat":"repeat","background-position":"center center","background-size":"auto","background-attachment":"scroll","background-type":"","background-media":"","overlay-type":"","overlay-color":"","overlay-opacity":"","overlay-gradient":""},"mobile":{"background-color":"","background-image":"","background-repeat":"repeat","background-position":"center center","background-size":"auto","background-attachment":"scroll","background-type":"","background-media":"","overlay-type":"","overlay-color":"","overlay-opacity":"","overlay-gradient":""}},"ast-content-background-meta":{"desktop":{"background-color":"var(--ast-global-color-5)","background-image":"","background-repeat":"repeat","background-position":"center center","background-size":"auto","background-attachment":"scroll","background-type":"","background-media":"","overlay-type":"","overlay-color":"","overlay-opacity":"","overlay-gradient":""},"tablet":{"background-color":"var(--ast-global-color-5)","background-image":"","background-repeat":"repeat","background-position":"center center","background-size":"auto","background-attachment":"scroll","background-type":"","background-media":"","overlay-type":"","overlay-color":"","overlay-opacity":"","overlay-gradient":""},"mobile":{"background-color":"var(--ast-global-color-5)","background-image":"","background-repeat":"repeat","background-position":"center center","background-size":"auto","background-attachment":"scroll","background-type":"","background-media":"","overlay-type":"","overlay-color":"","overlay-opacity":"","overlay-gradient":""}},"footnotes":""},"class_list":["post-15","page","type-page","status-publish","hentry"],"uagb_featured_image_src":{"full":false,"thumbnail":false,"medium":false,"medium_large":false,"large":false,"1536x1536":false,"2048x2048":false,"sow-carousel-default":false},"uagb_author_info":{"display_name":"phkraem","author_link":"https:\/\/cc-ludwigsburg.de\/?author=1"},"uagb_comment_info":0,"uagb_excerpt":"Buchhorn am See Unser Platz liegt ebenso wie das D\u00f6rfchen Buchhorn am See am Nordrand des schw\u00e4bischen Waldes auf ca. 500m H\u00f6he, zwischen dem Brettachtal und dem Tal der Ohrn. Man hat von hier aus eine herrliche Aussicht auf den Mainhardter Wald, die L\u00f6wensteiner Berge und die Hohenloher Ebene. Die angrenzenden gro\u00dfen W\u00e4lder, die Wiesen&hellip;","_links":{"self":[{"href":"https:\/\/cc-ludwigsburg.de\/index.php?rest_route=\/wp\/v2\/pages\/15","targetHints":{"allow":["GET"]}}],"collection":[{"href":"https:\/\/cc-ludwigsburg.de\/index.php?rest_route=\/wp\/v2\/pages"}],"about":[{"href":"https:\/\/cc-ludwigsburg.de\/index.php?rest_route=\/wp\/v2\/types\/page"}],"author":[{"embeddable":true,"href":"https:\/\/cc-ludwigsburg.de\/index.php?rest_route=\/wp\/v2\/users\/1"}],"replies":[{"embeddable":true,"href":"https:\/\/cc-ludwigsburg.de\/index.php?rest_route=%2Fwp%2Fv2%2Fcomments&post=15"}],"version-history":[{"count":2,"href":"https:\/\/cc-ludwigsburg.de\/index.php?rest_route=\/wp\/v2\/pages\/15\/revisions"}],"predecessor-version":[{"id":17,"href":"https:\/\/cc-ludwigsburg.de\/index.php?rest_route=\/wp\/v2\/pages\/15\/revisions\/17"}],"wp:attachment":[{"href":"https:\/\/cc-ludwigsburg.de\/index.php?rest_route=%2Fwp%2Fv2%2Fmedia&parent=15"}],"curies":[{"name":"wp","href":"https:\/\/api.w.org\/{rel}","templated":true}]}}